{"id":266,"date":"2025-02-07T02:53:11","date_gmt":"2025-02-07T02:53:11","guid":{"rendered":"http:\/\/source.wpopal.com\/aunuca\/contact\/"},"modified":"2025-09-18T15:03:43","modified_gmt":"2025-09-18T13:03:43","slug":"kontakt","status":"publish","type":"page","link":"https:\/\/alba-ks.com\/en\/kontakt\/","title":{"rendered":"Contact"},"content":{"rendered":"\t\t<div data-elementor-type=\"wp-page\" data-elementor-id=\"266\" class=\"elementor elementor-266\">\n\t\t\t\t<div class=\"elementor-element elementor-element-02b416a e-flex e-con-boxed wpr-particle-no wpr-jarallax-no wpr-parallax-no wpr-sticky-section-no wpr-equal-height-no e-con e-parent\" data-id=\"02b416a\" data-element_type=\"container\" data-e-type=\"container\">\n\t\t\t\t\t<div class=\"e-con-inner\">\n\t\t\t\t<div class=\"elementor-element elementor-element-909a371 elementor-widget elementor-widget-heading\" data-id=\"909a371\" data-element_type=\"widget\" data-e-type=\"widget\" data-widget_type=\"heading.default\">\n\t\t\t\t\t<h2 class=\"elementor-heading-title elementor-size-default\">Keni Pyetje? Na Kontaktoni!<\/h2>\t\t\t\t<\/div>\n\t\t<div class=\"elementor-element elementor-element-38584ac e-con-full e-flex wpr-particle-no wpr-jarallax-no wpr-parallax-no wpr-sticky-section-no wpr-equal-height-no e-con e-child\" data-id=\"38584ac\" data-element_type=\"container\" data-e-type=\"container\">\n\t\t\t\t<div class=\"elementor-element elementor-element-6676f78 elementor-position-left elementor-view-stacked elementor-shape-square elementor-tablet_extra-position-top elementor-widget__width-initial icon-box-style-default elementor-mobile-position-top elementor-vertical-align-top elementor-widget elementor-widget-aunuca-icon-box\" data-id=\"6676f78\" data-element_type=\"widget\" data-e-type=\"widget\" data-widget_type=\"aunuca-icon-box.default\">\n\t\t\t\t<div class=\"elementor-widget-container\">\n\t\t\t\t\t        <div class=\"elementor-icon-box-wrapper\">\n                    <div class=\"elementor-icon-box-icon\">\n            <span class=\"elementor-icon elementor-animation-\" >\n            <svg xmlns=\"http:\/\/www.w3.org\/2000\/svg\" viewBox=\"0 0 24 24\"><g fill=\"none\" class=\"nc-icon-wrapper\"><path d=\"M12 23.728l-6.364-6.364a9 9 0 1 1 12.728 0L12 23.728zm4.95-7.778a7 7 0 1 0-9.9 0L12 20.9l4.95-4.95zM12 13a2 2 0 1 1 0-4 2 2 0 0 1 0 4z\" fill=\"currentColor\"><\/path><\/g><\/svg>            <\/span>\n            <\/div>\n                <div class=\"elementor-icon-box-content\">\n        <div class=\"title-content\">\n                <h4 class=\"elementor-icon-box-title\">\n        <span   >\n        Adresa        <\/span>\n        <\/h4>\n                            <p class=\"elementor-icon-box-description\">\n                6QW6+4MX, Rruga Lubizhde, Prizren 20000, Kosov\u00eb            <\/p>\n        \n                <\/div>\n        <\/div>\n        <\/div>\n        \t\t\t\t<\/div>\n\t\t\t\t<\/div>\n\t\t\t\t<div class=\"elementor-element elementor-element-5a08f30 elementor-position-left elementor-view-stacked elementor-shape-square elementor-tablet-position-top elementor-laptop-position-left elementor-tablet_extra-position-top elementor-mobile_extra-position-top elementor-widget__width-initial icon-box-style-default elementor-mobile-position-top elementor-vertical-align-top elementor-widget elementor-widget-aunuca-icon-box\" data-id=\"5a08f30\" data-element_type=\"widget\" data-e-type=\"widget\" data-widget_type=\"aunuca-icon-box.default\">\n\t\t\t\t<div class=\"elementor-widget-container\">\n\t\t\t\t\t        <div class=\"elementor-icon-box-wrapper\">\n                    <div class=\"elementor-icon-box-icon\">\n            <span class=\"elementor-icon elementor-animation-\" >\n            <svg xmlns=\"http:\/\/www.w3.org\/2000\/svg\" viewBox=\"0 0 24 24\"><g fill=\"none\" class=\"nc-icon-wrapper\"><path d=\"M21 3a1 1 0 0 1 1 1v16.007a1 1 0 0 1-.992.993H2.992A.993.993 0 0 1 2 20.007V19h18V7.3l-8 7.2-10-9V4a1 1 0 0 1 1-1h18zM8 15v2H0v-2h8zm-3-5v2H0v-2h5zm14.566-5H4.434L12 11.81 19.566 5z\" fill=\"currentColor\"><\/path><\/g><\/svg>            <\/span>\n            <\/div>\n                <div class=\"elementor-icon-box-content\">\n        <div class=\"title-content\">\n                <h4 class=\"elementor-icon-box-title\">\n        <span   >\n        Na Kontaktoni        <\/span>\n        <\/h4>\n                            <p class=\"elementor-icon-box-description\">\n                <a href=\"tel:+383 49 497 891\" style=\"color: #a48d78; font-weight:600\"> +383 49 497 891<\/a><br>\n<a href=\"tel:+383 44 113 216\" style=\"color: #a48d78; font-weight:600\"> +383 44 113 216<\/a><br>\n<a href=\"tel:+383 49 655 926\" style=\"color: #a48d78; font-weight:600\"> +383 49 655 926<\/a>            <\/p>\n        \n                    <p class=\"elementor-icon-box-description elementor-icon-box-description-2\">\n                <a href=\"mailto:info@alba-ks.com\">info@alba-ks.com<\/a>            <\/p>\n                <\/div>\n        <\/div>\n        <\/div>\n        \t\t\t\t<\/div>\n\t\t\t\t<\/div>\n\t\t\t\t<div class=\"elementor-element elementor-element-7eb01a9 elementor-position-left elementor-view-stacked elementor-shape-square elementor-tablet_extra-position-top elementor-widget__width-initial icon-box-style-default elementor-mobile-position-top elementor-vertical-align-top elementor-widget elementor-widget-aunuca-icon-box\" data-id=\"7eb01a9\" data-element_type=\"widget\" data-e-type=\"widget\" data-widget_type=\"aunuca-icon-box.default\">\n\t\t\t\t<div class=\"elementor-widget-container\">\n\t\t\t\t\t        <div class=\"elementor-icon-box-wrapper\">\n                    <div class=\"elementor-icon-box-icon\">\n            <span class=\"elementor-icon elementor-animation-\" >\n            <svg xmlns=\"http:\/\/www.w3.org\/2000\/svg\" viewBox=\"0 0 24 24\"><g fill=\"none\" class=\"nc-icon-wrapper\"><path d=\"M12 22C6.477 22 2 17.523 2 12S6.477 2 12 2s10 4.477 10 10-4.477 10-10 10zm0-2a8 8 0 1 0 0-16 8 8 0 0 0 0 16zm1-8h4v2h-6V7h2v5z\" fill=\"currentColor\"><\/path><\/g><\/svg>            <\/span>\n            <\/div>\n                <div class=\"elementor-icon-box-content\">\n        <div class=\"title-content\">\n                <h4 class=\"elementor-icon-box-title\">\n        <span   >\n        Orari i Pun\u00ebs        <\/span>\n        <\/h4>\n                            <p class=\"elementor-icon-box-description\">\n                E H\u00ebn\u00eb - E Shtun\u00eb:            <\/p>\n        \n                    <p class=\"elementor-icon-box-description elementor-icon-box-description-2\">\n                8:00 - 16:00            <\/p>\n                <\/div>\n        <\/div>\n        <\/div>\n        \t\t\t\t<\/div>\n\t\t\t\t<\/div>\n\t\t\t\t<\/div>\n\t\t\t\t\t<\/div>\n\t\t\t\t<\/div>\n\t\t<div class=\"elementor-element elementor-element-48652e3 e-flex e-con-boxed wpr-particle-no wpr-jarallax-no wpr-parallax-no wpr-sticky-section-no wpr-equal-height-no e-con e-parent\" data-id=\"48652e3\" data-element_type=\"container\" data-e-type=\"container\">\n\t\t\t\t\t<div class=\"e-con-inner\">\n\t\t<div class=\"elementor-element elementor-element-e5258c8 e-con-full e-flex wpr-particle-no wpr-jarallax-no wpr-parallax-no wpr-sticky-section-no wpr-equal-height-no e-con e-child\" data-id=\"e5258c8\" data-element_type=\"container\" data-e-type=\"container\">\n\t\t\t\t<div class=\"elementor-element elementor-element-a592d14 elementor-widget elementor-widget-heading\" data-id=\"a592d14\" data-element_type=\"widget\" data-e-type=\"widget\" data-widget_type=\"heading.default\">\n\t\t\t\t\t<h2 class=\"elementor-heading-title elementor-size-default\">Na d\u00ebrgoni mesazh<\/h2>\t\t\t\t<\/div>\n\t\t\t\t<div class=\"elementor-element elementor-element-4c19cc1 elementor-widget elementor-widget-text-editor\" data-id=\"4c19cc1\" data-element_type=\"widget\" data-e-type=\"widget\" data-widget_type=\"text-editor.default\">\n\t\t\t\t\t\t\t\t\t<p>Do t&#8217;ju p\u00ebrgjigjemi mesazhit tuaj me an\u00eb t\u00eb email-it<\/p>\t\t\t\t\t\t\t\t<\/div>\n\t\t\t\t<div class=\"elementor-element elementor-element-bd9fee8 elementor-widget elementor-widget-aunuca-contactform\" data-id=\"bd9fee8\" data-element_type=\"widget\" data-e-type=\"widget\" data-widget_type=\"aunuca-contactform.default\">\n\t\t\t\t<div class=\"elementor-widget-container\">\n\t\t\t\t\t\n<div class=\"wpcf7 no-js\" id=\"wpcf7-f5291-o1\" lang=\"en-US\" dir=\"ltr\" data-wpcf7-id=\"5291\">\n<div class=\"screen-reader-response\"><p role=\"status\" aria-live=\"polite\" aria-atomic=\"true\"><\/p> <ul><\/ul><\/div>\n<form action=\"\/en\/wp-json\/wp\/v2\/pages\/266#wpcf7-f5291-o1\" method=\"post\" class=\"wpcf7-form init\" aria-label=\"Contact form\" novalidate=\"novalidate\" data-status=\"init\">\n<fieldset class=\"hidden-fields-container\"><input type=\"hidden\" name=\"_wpcf7\" value=\"5291\" \/><input type=\"hidden\" name=\"_wpcf7_version\" value=\"6.1.5\" \/><input type=\"hidden\" name=\"_wpcf7_locale\" value=\"en_US\" \/><input type=\"hidden\" name=\"_wpcf7_unit_tag\" value=\"wpcf7-f5291-o1\" \/><input type=\"hidden\" name=\"_wpcf7_container_post\" value=\"0\" \/><input type=\"hidden\" name=\"_wpcf7_posted_data_hash\" value=\"\" \/>\n<\/fieldset>\n<div class=\"row row-form\">\n\t<div class=\"column-tablet-12 column-12\">\n\t\t<p><span class=\"wpcf7-form-control-wrap\" data-name=\"your-name\"><input size=\"40\" maxlength=\"400\" class=\"wpcf7-form-control wpcf7-text wpcf7-validates-as-required\" autocomplete=\"name\" aria-required=\"true\" aria-invalid=\"false\" placeholder=\"Emri *\" value=\"\" type=\"text\" name=\"your-name\" \/><\/span>\n\t\t<\/p>\n\t<\/div>\n\t<div class=\"column-tablet-12 column-12\">\n\t\t<p><span class=\"wpcf7-form-control-wrap\" data-name=\"your-email\"><input size=\"40\" maxlength=\"400\" class=\"wpcf7-form-control wpcf7-email wpcf7-validates-as-required wpcf7-text wpcf7-validates-as-email\" autocomplete=\"email\" aria-required=\"true\" aria-invalid=\"false\" placeholder=\"Email *\" value=\"\" type=\"email\" name=\"your-email\" \/><\/span>\n\t\t<\/p>\n\t<\/div>\n\t<div class=\"column-tablet-12 column-12\">\n\t\t<p><span class=\"wpcf7-form-control-wrap\" data-name=\"your-subject\"><input size=\"40\" maxlength=\"400\" class=\"wpcf7-form-control wpcf7-text wpcf7-validates-as-required\" autocomplete=\"subject\" aria-required=\"true\" aria-invalid=\"false\" placeholder=\"Subjekti\" value=\"\" type=\"text\" name=\"your-subject\" \/><\/span>\n\t\t<\/p>\n\t<\/div>\n\t<div class=\"column-tablet-12 column-12\">\n\t\t<p><span class=\"wpcf7-form-control-wrap\" data-name=\"your-message\"><textarea cols=\"40\" rows=\"5\" maxlength=\"2000\" class=\"wpcf7-form-control wpcf7-textarea wpcf7-validates-as-required\" aria-required=\"true\" aria-invalid=\"false\" placeholder=\"Mesazhi *\" name=\"your-message\"><\/textarea><\/span>\n\t\t<\/p>\n\t<\/div>\n\t<div class=\"column-tablet-12 column-12 button-submit\">\n\t\t<p><button type=\"submit\" value=\"Submit\" class=\"bg-effect\"><span class=\"button-text\">D\u00ebrgo Mesazh<\/span><i class=\"aunuca-icon-long-arrow-right\"><\/i><\/button>\n\t\t<\/p>\n\t<\/div>\n<\/div><div class=\"wpcf7-response-output\" aria-hidden=\"true\"><\/div>\n<\/form>\n<\/div>\n\t\t\t\t<\/div>\n\t\t\t\t<\/div>\n\t\t\t\t<\/div>\n\t\t<div class=\"elementor-element elementor-element-1d7be6d e-con-full e-flex wpr-particle-no wpr-jarallax-no wpr-parallax-no wpr-sticky-section-no wpr-equal-height-no e-con e-child\" data-id=\"1d7be6d\" data-element_type=\"container\" data-e-type=\"container\">\n\t\t\t\t<div class=\"elementor-element elementor-element-12739c9 elementor-widget elementor-widget-image\" data-id=\"12739c9\" data-element_type=\"widget\" data-e-type=\"widget\" data-settings=\"{&quot;sticky&quot;:&quot;top&quot;,&quot;sticky_on&quot;:[&quot;tablet_extra&quot;,&quot;tablet&quot;],&quot;sticky_parent&quot;:&quot;yes&quot;,&quot;sticky_offset&quot;:0,&quot;sticky_effects_offset&quot;:0}\" data-widget_type=\"image.default\">\n\t\t\t\t\t\t\t\t\t\t\t\t\t\t\t<img fetchpriority=\"high\" decoding=\"async\" width=\"660\" height=\"720\" src=\"https:\/\/alba-ks.com\/wp-content\/uploads\/2025\/02\/contact-1.jpg\" class=\"attachment-large size-large wp-image-907\" alt=\"\" srcset=\"https:\/\/alba-ks.com\/wp-content\/uploads\/2025\/02\/contact-1.jpg 660w, https:\/\/alba-ks.com\/wp-content\/uploads\/2025\/02\/contact-1-600x655.jpg 600w, https:\/\/alba-ks.com\/wp-content\/uploads\/2025\/02\/contact-1-275x300.jpg 275w\" sizes=\"(max-width: 660px) 100vw, 660px\" \/>\t\t\t\t\t\t\t\t\t\t\t\t\t\t\t<\/div>\n\t\t\t\t<\/div>\n\t\t\t\t\t<\/div>\n\t\t\t\t<\/div>\n\t\t<div class=\"elementor-element elementor-element-3224f8b e-flex e-con-boxed wpr-particle-no wpr-jarallax-no wpr-parallax-no wpr-sticky-section-no wpr-equal-height-no e-con e-parent\" data-id=\"3224f8b\" data-element_type=\"container\" data-e-type=\"container\">\n\t\t\t\t\t<div class=\"e-con-inner\">\n\t\t\t\t<div class=\"elementor-element elementor-element-a963159 elementor-widget elementor-widget-google_maps\" data-id=\"a963159\" data-element_type=\"widget\" data-e-type=\"widget\" data-widget_type=\"google_maps.default\">\n\t\t\t\t\t\t\t<div class=\"elementor-custom-embed\">\n\t\t\t<iframe loading=\"lazy\"\n\t\t\t\t\tsrc=\"https:\/\/maps.google.com\/maps?q=albacom%20Prizren&#038;t=m&#038;z=15&#038;output=embed&#038;iwloc=near\"\n\t\t\t\t\ttitle=\"albacom Prizren\"\n\t\t\t\t\taria-label=\"albacom Prizren\"\n\t\t\t><\/iframe>\n\t\t<\/div>\n\t\t\t\t\t\t<\/div>\n\t\t\t\t\t<\/div>\n\t\t\t\t<\/div>\n\t\t\t\t<\/div>\n\t\t","protected":false},"excerpt":{"rendered":"<p>Keni Pyetje? Na Kontaktoni! Adresa 6QW6+4MX, Rruga Lubizhde, Prizren 20000, Kosov\u00eb Na Kontaktoni +383 49 497 891 +383 44 113 216 +383 49 655 926 info@alba-ks.com Orari i Pun\u00ebs E H\u00ebn\u00eb &#8211; E Shtun\u00eb: 8:00 &#8211; 16:00 Na d\u00ebrgoni mesazh Do t&#8217;ju p\u00ebrgjigjemi mesazhit tuaj me an\u00eb t\u00eb email-it D\u00ebrgo Mesazh<\/p>","protected":false},"author":1,"featured_media":0,"parent":0,"menu_order":0,"comment_status":"closed","ping_status":"closed","template":"template-homepage.php","meta":{"footnotes":""},"class_list":["post-266","page","type-page","status-publish","hentry"],"_links":{"self":[{"href":"https:\/\/alba-ks.com\/en\/wp-json\/wp\/v2\/pages\/266","targetHints":{"allow":["GET"]}}],"collection":[{"href":"https:\/\/alba-ks.com\/en\/wp-json\/wp\/v2\/pages"}],"about":[{"href":"https:\/\/alba-ks.com\/en\/wp-json\/wp\/v2\/types\/page"}],"author":[{"embeddable":true,"href":"https:\/\/alba-ks.com\/en\/wp-json\/wp\/v2\/users\/1"}],"replies":[{"embeddable":true,"href":"https:\/\/alba-ks.com\/en\/wp-json\/wp\/v2\/comments?post=266"}],"version-history":[{"count":0,"href":"https:\/\/alba-ks.com\/en\/wp-json\/wp\/v2\/pages\/266\/revisions"}],"wp:attachment":[{"href":"https:\/\/alba-ks.com\/en\/wp-json\/wp\/v2\/media?parent=266"}],"curies":[{"name":"wp","href":"https:\/\/api.w.org\/{rel}","templated":true}]}}